{"id":5781,"date":"2022-07-23T13:27:04","date_gmt":"2022-07-23T13:27:04","guid":{"rendered":"https:\/\/netvisor.hu\/?page_id=5781"},"modified":"2023-01-24T16:09:30","modified_gmt":"2023-01-24T16:09:30","slug":"projects","status":"publish","type":"page","link":"https:\/\/netvisor.hu\/en\/projects\/","title":{"rendered":"Projects"},"content":{"rendered":"<div class=\"wpb-content-wrapper\"><p>[vc_row height_ratio=&#8221;40&#8243; padding_top_multiplier=&#8221;custom&#8221; padding_bottom_multiplier=&#8221;custom&#8221; rc_bg_type=&#8221;image&#8221; rc_bg_image=&#8221;5783&#8243; padding_top=&#8221;12vh&#8221; padding_bottom=&#8221;8vh&#8221;][vc_column content_width=&#8221;50&#8243; horizontal_content_position=&#8221;center&#8221; vertical_content_position=&#8221;middle&#8221; rc_heading_color=&#8221;light&#8221; rc_font_color=&#8221;#ffffff&#8221;]<h1 class=\"eut-element eut-title eut-align-center eut-appear-down eut-duration-slow eut-appear-animation eut-h1\" style=\"margin-bottom: 0px;\" data-delay=\"100\"><span>Projects<\/span><\/h1><div class=\"eut-empty-space eut-height-1x\" style=\"\"><\/div>[\/vc_column][\/vc_row][vc_row padding_top_multiplier=&#8221;2x&#8221; rc_bg_type=&#8221;color&#8221; rc_bg_color=&#8221;#f4f4f4&#8243;][vc_column content_width=&#8221;70&#8243; horizontal_content_position=&#8221;center&#8221; vertical_content_position=&#8221;middle&#8221; text_align=&#8221;center&#8221; tablet_sm_content_width=&#8221;reset&#8221; mobile_content_width=&#8221;reset&#8221;]<h3 class=\"eut-element eut-title eut-align-inherit eut-h3\" style=\"margin-bottom: 0px;\"><span>Ongoing projects<\/span><\/h3>[\/vc_column][\/vc_row][vc_row padding_top_multiplier=&#8221;&#8221; rc_bg_type=&#8221;color&#8221; rc_bg_color=&#8221;#f4f4f4&#8243;][vc_column content_width=&#8221;80&#8243; horizontal_content_position=&#8221;center&#8221; vertical_content_position=&#8221;middle&#8221;][vc_row_inner rc_bg_type=&#8221;color&#8221; rc_bg_color=&#8221;#ffffff&#8221;][vc_column_inner css=&#8221;.vc_custom_1660834444617{padding-bottom: 3vh !important;}&#8221;][vc_column_text]<\/p>\n<p style=\"text-align: center;\"><strong>Development of an optical strategic planning and inventory system at Netvisor Ltd.<br \/>\n<\/strong>[\/vc_column_text][\/vc_column_inner][vc_column_inner width=&#8221;1\/3&#8243; vertical_content_position=&#8221;middle&#8221; text_align=&#8221;center&#8221;]<div class=\"eut-element eut-image eut-align-inherit\" style=\"\"><div class=\"eut-image-wrapper eut-popup-item\" style=\"max-width:244px;\"><div class=\"eut-thumbnail-wrapper\"  style=\"max-width: 244px;\"><div class=\"eut-thumbnail\"  style=\"padding-top: 54.098%;\"><img loading=\"lazy\" decoding=\"async\" width=\"244\" height=\"132\" src=\"https:\/\/netvisor.hu\/wp-content\/uploads\/2022\/07\/Picture-1-1.jpg\" class=\"attachment-full size-full\" alt=\"\" srcset=\"https:\/\/netvisor.hu\/wp-content\/uploads\/2022\/07\/Picture-1-1.jpg 1x,https:\/\/netvisor.hu\/wp-content\/uploads\/2022\/07\/Picture-1-1-1.jpg 2x\" data-eutf-filter=\"yes\" \/><\/div><\/div>  <\/div><\/div>[\/vc_column_inner][vc_column_inner width=&#8221;2\/3&#8243;][vc_column_text]<strong>Name of the beneficiary:<\/strong> Netvisor IT and Communications Ltd.<br \/>\n<strong>Project identification number:<\/strong>\u00a0BAR-1.1.1-22-2022-00037<br \/>\n<strong>Start date of implementation period:<\/strong> 07.01.2022.<br \/>\n<strong>Planned date of physical completion:<\/strong>\u00a006.30.2024.<\/p>\n<p><strong>P<span class=\"VIiyi\" lang=\"en\"><span class=\"JLqJ4b ChMk0b\" data-language-for-alternatives=\"en\" data-language-to-translate-into=\"hu\" data-phrase-index=\"0\" data-number-of-phrases=\"1\"><span class=\"Q4iAWc\">lanned eligible net total cost<\/span><\/span><\/span><\/strong>: HUF 895,932,088<br \/>\n<strong>The amount of the awarded fund is:<\/strong> HUF 627,152,462[\/vc_column_text][\/vc_column_inner][\/vc_row_inner][vc_row_inner][vc_column_inner width=&#8221;1\/2&#8243;][vc_column_text]The designed optimization module is highly customizable in order to comply with numerous network topology standards and regulations, as well as the applicability of sophisticated price models.<\/p>\n<p>The built-in optimization engine supports Point-to-Point, GPON, HFC, AETH and VDSL access network technologies with high performance and accuracy.<br \/>\nCompared to many competing products, the goal is to create a flexible optical design system that, in addition to the optimized design of NGA networks with a high number of endpoints,[\/vc_column_text][\/vc_column_inner][vc_column_inner width=&#8221;1\/2&#8243;][vc_column_text]is also able to perform design tasks in the case of high-availability, national-scale transport networks (defining geo-redundant backup routes to minimize vulnerability).<\/p>\n<p>Strategic planning can be taken further to the level of execution planning, supplemented by the appropriate detailed planning data. Our aim is to provide a unique solution to competing products by implementing this approach on the market, which can also support detailed construction planning.[\/vc_column_text][\/vc_column_inner][\/vc_row_inner][vc_row_inner padding_bottom_multiplier=&#8221;&#8221;][vc_column_inner width=&#8221;2\/3&#8243;][vc_column_text]<\/p>\n<p style=\"font-size: 20px; line-height: 28px;\">The implemented system is based on a geospatial database and will be able to store geospatial data from various sources, as well as ensure that the map and trail data to be displayed can be read by a WEB GUI.<\/p>\n<p>[\/vc_column_text][\/vc_column_inner][vc_column_inner width=&#8221;1\/3&#8243;][\/vc_column_inner][\/vc_row_inner][\/vc_column][\/vc_row][vc_row][vc_column content_width=&#8221;80&#8243; horizontal_content_position=&#8221;center&#8221; tablet_sm_content_width=&#8221;reset&#8221; mobile_content_width=&#8221;reset&#8221;][vc_row_inner rc_bg_type=&#8221;color&#8221; rc_bg_color=&#8221;#ffffff&#8221;][vc_column_inner css=&#8221;.vc_custom_1660834444617{padding-bottom: 3vh !important;}&#8221;][vc_column_text]<\/p>\n<p style=\"text-align: center;\"><strong>Market R&amp;D: A framework supporting the development of info-communication infrastructures with a lifecycle management approach, as well as carrying out the research and development tasks necessary to create the building blocks of this system<\/strong><\/p>\n<p>[\/vc_column_text][\/vc_column_inner][vc_column_inner width=&#8221;1\/3&#8243; vertical_content_position=&#8221;middle&#8221; text_align=&#8221;center&#8221;]<div class=\"eut-element eut-image eut-align-inherit\" style=\"\"><div class=\"eut-image-wrapper eut-popup-item\" style=\"max-width:300px;\"><div class=\"eut-thumbnail-wrapper\"  style=\"max-width: 300px;\"><div class=\"eut-thumbnail\"  style=\"padding-top: 55%;\"><img loading=\"lazy\" decoding=\"async\" width=\"300\" height=\"165\" src=\"https:\/\/netvisor.hu\/wp-content\/uploads\/2022\/08\/NKFIA_infoblokk_kerettel_program_allo_2019_HU-300x165-1.jpg\" class=\"attachment-full size-full\" alt=\"\" srcset=\"https:\/\/netvisor.hu\/wp-content\/uploads\/2022\/08\/NKFIA_infoblokk_kerettel_program_allo_2019_HU-300x165-1.jpg 1x,https:\/\/netvisor.hu\/wp-content\/uploads\/2022\/08\/NKFIA_infoblokk_kerettel_program_allo_2019_HU-300x165-1.jpg 2x\" data-eutf-filter=\"yes\" \/><\/div><\/div>  <\/div><\/div>[\/vc_column_inner][vc_column_inner width=&#8221;2\/3&#8243;][vc_column_text]<strong>Name of the beneficiary:<\/strong> Netvisor IT and Communications Ltd.<br \/>\n<strong>Project identification number:<\/strong>\u00a02020-1.1.2-PIACI-KFI-2021-00203<br \/>\n<strong>Start date of implementation period:<\/strong> 01.09.2021.<br \/>\n<strong>Planned date of physical completion:<\/strong> 31.08.2023.<\/p>\n<p><strong>P<span class=\"VIiyi\" lang=\"en\"><span class=\"JLqJ4b ChMk0b\" data-language-for-alternatives=\"en\" data-language-to-translate-into=\"hu\" data-phrase-index=\"0\" data-number-of-phrases=\"1\"><span class=\"Q4iAWc\">lanned eligible net total cost<\/span><\/span><\/span>:<\/strong> HUF 315,873,630<br \/>\n<strong>The amount of the awarded fund:<\/strong> HUF 197,217,585<br \/>\n<strong><span class=\"VIiyi\" lang=\"en\"><span class=\"JLqJ4b ChMk0b\" data-language-for-alternatives=\"en\" data-language-to-translate-into=\"hu\" data-phrase-index=\"0\" data-number-of-phrases=\"3\"><span class=\"Q4iAWc\">Amount of own fund:<\/span><\/span><\/span> <\/strong>HUF 118,656,045[\/vc_column_text][\/vc_column_inner][\/vc_row_inner][vc_row_inner][vc_column_inner width=&#8221;1\/2&#8243;][vc_column_text]The aim of the research and development project is for Netvisor Zrt. to expand, develop and integrate its existing planning and operational support tools with new elements suitable for meeting today&#8217;s requirements into a unified system,[\/vc_column_text][\/vc_column_inner][vc_column_inner width=&#8221;1\/2&#8243;][vc_column_text]which will thereby be available to Netvisor Zrt.\u2019s customers in the form of a new, innovative, marketable product or service.[\/vc_column_text][\/vc_column_inner][\/vc_row_inner][\/vc_column][\/vc_row][vc_row padding_top_multiplier=&#8221;2x&#8221; rc_bg_type=&#8221;color&#8221; rc_bg_color=&#8221;#f4f4f4&#8243;][vc_column text_align=&#8221;center&#8221;]<h3 class=\"eut-element eut-title eut-align-inherit eut-h3\" style=\"margin-bottom: 0px;\"><span>Completed projects<\/span><\/h3>[\/vc_column][\/vc_row][vc_row padding_bottom_multiplier=&#8221;2x&#8221; rc_bg_type=&#8221;color&#8221; rc_bg_color=&#8221;#f4f4f4&#8243;][vc_column content_width=&#8221;80&#8243; horizontal_content_position=&#8221;center&#8221; tablet_sm_content_width=&#8221;reset&#8221; mobile_content_width=&#8221;reset&#8221;][vc_column_text]<\/p>\n<p style=\"font-size: 20px; line-height: 28px;\">VKE: IoT framework for a corporate environment<\/p>\n<p>[\/vc_column_text][vc_row_inner][vc_column_inner width=&#8221;1\/2&#8243;][vc_column_text animation_delay=&#8221;200&#8243; css=&#8221;.vc_custom_1662470877174{margin-top: 3vh !important;}&#8221;]Together with our partners, the BME Department of Automation and CS-Process M\u00e9rn\u00f6ki Kft, we have developed a managed IoT framework, with the help of which production companies can quickly and cost-effectively transform or expand their activities in accordance with fourth-generation digital principles.<\/p>\n<p>The framework enables the creation of industrial-scale distributed sensor and control networks by providing the uniform and closely integrated software components necessary for the long-term operation and efficient use of the networks.[\/vc_column_text][\/vc_column_inner][vc_column_inner width=&#8221;1\/2&#8243;][vc_column_text animation_delay=&#8221;200&#8243; css=&#8221;.vc_custom_1662470905807{margin-top: 3vh !important;}&#8221;]Our primary goal was for the framework to support the diversity of sensor and control communication techniques, i.e., it should be suitable for implementing public and private, wired and radio, high and low data traffic, as well as sensor networks that use a mixture of these.<\/p>\n<p>The distinguishing feature of the system is the guarantee of increased operational and data security at all levels of the system hierarchy, and its novelty is the combination of efficient operability and applicability in private and service providers&#8217; environments, covering several areas of expertise.[\/vc_column_text][\/vc_column_inner][\/vc_row_inner][vc_row_inner][vc_column_inner width=&#8221;1\/3&#8243; vertical_content_position=&#8221;middle&#8221;]<div class=\"eut-element eut-image eut-animated-item eut-duration-normal eut-fade-in-left eut-align-center\" style=\"\" data-delay=\"200\"><div class=\"eut-image-wrapper eut-popup-item\" style=\"max-width:282px;\"><div class=\"eut-thumbnail-wrapper\"  style=\"max-width: 282px;\"><div class=\"eut-thumbnail\"  style=\"padding-top: 77.305%;\"><img loading=\"lazy\" decoding=\"async\" width=\"282\" height=\"218\" src=\"https:\/\/netvisor.hu\/wp-content\/uploads\/2022\/07\/Group-3015.svg\" class=\"attachment-full size-full\" alt=\"\" data-eutf-filter=\"yes\" \/><\/div><\/div>  <\/div><\/div>[\/vc_column_inner][vc_column_inner width=&#8221;2\/3&#8243; vertical_content_position=&#8221;middle&#8221;][vc_column_text]<\/p>\n<p style=\"font-size: 20px; line-height: 28px;\">NAPA-WINE: Telecommunication Aspects of P2P TV<\/p>\n<p>[\/vc_column_text][vc_column_text animation_delay=&#8221;200&#8243; css=&#8221;.vc_custom_1662470945737{margin-top: 3vh !important;}&#8221;]Netvisor performed an important task in the NAPA-WINE project investigating the telecommunications aspects of P2P TV belonging to the FP7-ICT-2007 program of the European Union, where we worked together with several European universities and companies.<\/p>\n<p>We investigated the impact of various P2P streaming options and the effectiveness of the Napa &#8211; Wine approach (compared to more traditional approaches) by running real streaming clients under real-world conditions.[\/vc_column_text][\/vc_column_inner][\/vc_row_inner][vc_row_inner][vc_column_inner width=&#8221;1\/3&#8243; vertical_content_position=&#8221;middle&#8221;]<div class=\"eut-element eut-image eut-animated-item eut-duration-normal eut-fade-in-left eut-align-center\" style=\"\" data-delay=\"200\"><div class=\"eut-image-wrapper eut-popup-item\" style=\"max-width:282px;\"><div class=\"eut-thumbnail-wrapper\"  style=\"max-width: 282px;\"><div class=\"eut-thumbnail\"  style=\"padding-top: 77.305%;\"><img loading=\"lazy\" decoding=\"async\" width=\"282\" height=\"218\" src=\"https:\/\/netvisor.hu\/wp-content\/uploads\/2022\/07\/Group-3016-1.svg\" class=\"attachment-full size-full\" alt=\"\" data-eutf-filter=\"yes\" \/><\/div><\/div>  <\/div><\/div>[\/vc_column_inner][vc_column_inner width=&#8221;2\/3&#8243; vertical_content_position=&#8221;middle&#8221;][vc_column_text]<\/p>\n<p style=\"font-size: 20px; line-height: 28px;\">ECONET: Energy-saving networks<\/p>\n<p>[\/vc_column_text][vc_column_text animation_delay=&#8221;200&#8243; css=&#8221;.vc_custom_1662470972403{margin-top: 3vh !important;}&#8221;]We participated as a founding member of ECONET (low Energy COnsumption NETworks) project development work, where the essence of the research is to develop and test new technologies, integrated control requirements and mechanisms for network devices that save energy in such a way that network capacities and resources are dynamically adjusted to the current traffic load and user depending on needs, while comprehensively ensuring the quality of the service.[\/vc_column_text][\/vc_column_inner][\/vc_row_inner][vc_row_inner][vc_column_inner width=&#8221;1\/3&#8243; vertical_content_position=&#8221;middle&#8221;]<div class=\"eut-element eut-image eut-animated-item eut-duration-normal eut-fade-in-left eut-align-center\" style=\"\" data-delay=\"200\"><div class=\"eut-image-wrapper eut-popup-item\" style=\"max-width:282px;\"><div class=\"eut-thumbnail-wrapper\"  style=\"max-width: 282px;\"><div class=\"eut-thumbnail\"  style=\"padding-top: 77.305%;\"><img loading=\"lazy\" decoding=\"async\" width=\"282\" height=\"218\" src=\"https:\/\/netvisor.hu\/wp-content\/uploads\/2022\/07\/Group-3017.svg\" class=\"attachment-full size-full\" alt=\"\" data-eutf-filter=\"yes\" \/><\/div><\/div>  <\/div><\/div>[\/vc_column_inner][vc_column_inner width=&#8221;2\/3&#8243; vertical_content_position=&#8221;middle&#8221;][vc_column_text]<\/p>\n<p style=\"font-size: 20px; line-height: 28px;\">mPlane: Comprehensive measurement and monitoring of the Internet<\/p>\n<p>[\/vc_column_text][vc_column_text animation_delay=&#8221;200&#8243; css=&#8221;.vc_custom_1662471007073{margin-top: 3vh !important;}&#8221;]The project started in November 2012 and with the cooperation of 16 consortium members \u2013 telecommunications service providers, universities, large and small and medium-sized companies \u2013 we researched the causes of Internet performance and availability problems in the project.[\/vc_column_text][\/vc_column_inner][\/vc_row_inner][\/vc_column][\/vc_row][vc_row rc_bg_type=&#8221;image&#8221; rc_bg_image=&#8221;5663&#8243; rc_margin_bottom=&#8221;0&#8243; rc_bg_color=&#8221;#191919&#8243;][vc_column][vc_row_inner padding_top_multiplier=&#8221;2x&#8221; padding_bottom_multiplier=&#8221;2x&#8221;][vc_column_inner width=&#8221;4\/6&#8243; vertical_content_position=&#8221;middle&#8221; rc_font_color=&#8221;#ffffff&#8221;][vc_column_text text_style=&#8221;leader-text&#8221;]Contact us about our services[\/vc_column_text][\/vc_column_inner][vc_column_inner width=&#8221;1\/6&#8243;]<div class=\"eut-element eut-align-inherit\"><a href=\"\/en\/contact\" title=\"Kapcsolat\" class=\"eut-btn eut-btn-medium eut-square eut-bg-white eut-bg-hover-primary-1 eut-btn-line\"><span>Contact<\/span><\/a><\/div>[\/vc_column_inner][vc_column_inner width=&#8221;1\/6&#8243;][\/vc_column_inner][\/vc_row_inner][\/vc_column][\/vc_row]<\/p>\n<\/div>","protected":false},"excerpt":{"rendered":"<p>[vc_row height_ratio=&#8221;40&#8243; padding_top_multiplier=&#8221;custom&#8221; padding_bottom_multiplier=&#8221;custom&#8221; rc_bg_type=&#8221;image&#8221; rc_bg_image=&#8221;5783&#8243; padding_top=&#8221;12vh&#8221; padding_bottom=&#8221;8vh&#8221;][vc_column content_width=&#8221;50&#8243; horizontal_content_position=&#8221;center&#8221; vertical_content_position=&#8221;middle&#8221; rc_heading_color=&#8221;light&#8221; rc_font_color=&#8221;#ffffff&#8221;][\/vc_column][\/vc_row][vc_row padding_top_multiplier=&#8221;2x&#8221; rc_bg_type=&#8221;color&#8221; rc_bg_color=&#8221;#f4f4f4&#8243;][vc_column content_width=&#8221;70&#8243; horizontal_content_position=&#8221;center&#8221; vertical_content_position=&#8221;middle&#8221; text_align=&#8221;center&#8221; tablet_sm_content_width=&#8221;reset&#8221; mobile_content_width=&#8221;reset&#8221;][\/vc_column][\/vc_row][vc_row padding_top_multiplier=&#8221;&#8221; rc_bg_type=&#8221;color&#8221; rc_bg_color=&#8221;#f4f4f4&#8243;][vc_column content_width=&#8221;80&#8243; horizontal_content_position=&#8221;center&#8221; vertical_content_position=&#8221;middle&#8221;][vc_row_inner rc_bg_type=&#8221;color&#8221; rc_bg_color=&#8221;#ffffff&#8221;][vc_column_inner css=&#8221;.vc_custom_1660834444617{padding-bottom: 3vh !important;}&#8221;][vc_column_text] Development of an optical strategic planning and inventory system at Netvisor Ltd. [\/vc_column_text][\/vc_column_inner][vc_column_inner width=&#8221;1\/3&#8243; vertical_content_position=&#8221;middle&#8221; text_align=&#8221;center&#8221;][\/vc_column_inner][vc_column_inner width=&#8221;2\/3&#8243;][vc_column_text]Name of the beneficiary: Netvisor IT [&hellip;]<\/p>\n","protected":false},"author":1,"featured_media":0,"parent":0,"menu_order":0,"comment_status":"closed","ping_status":"closed","template":"","meta":{"om_disable_all_campaigns":false,"inline_featured_image":false,"_monsterinsights_skip_tracking":false,"_monsterinsights_sitenote_active":false,"_monsterinsights_sitenote_note":"","_monsterinsights_sitenote_category":0,"_uf_show_specific_survey":0,"_uf_disable_surveys":false,"footnotes":""},"class_list":["post-5781","page","type-page","status-publish","hentry"],"yoast_head":"<!-- This site is optimized with the Yoast SEO plugin v27.4 - https:\/\/yoast.com\/product\/yoast-seo-wordpress\/ -->\n<title>Projects - Netvisor<\/title>\n<meta name=\"robots\" content=\"index, follow, max-snippet:-1, max-image-preview:large, max-video-preview:-1\" \/>\n<link rel=\"canonical\" href=\"https:\/\/netvisor.hu\/en\/projects\/\" \/>\n<meta property=\"og:locale\" content=\"en_US\" \/>\n<meta property=\"og:type\" content=\"article\" \/>\n<meta property=\"og:title\" content=\"Projects - Netvisor\" \/>\n<meta property=\"og:description\" content=\"[vc_row height_ratio=&#8221;40&#8243; padding_top_multiplier=&#8221;custom&#8221; padding_bottom_multiplier=&#8221;custom&#8221; rc_bg_type=&#8221;image&#8221; rc_bg_image=&#8221;5783&#8243; padding_top=&#8221;12vh&#8221; padding_bottom=&#8221;8vh&#8221;][vc_column content_width=&#8221;50&#8243; horizontal_content_position=&#8221;center&#8221; vertical_content_position=&#8221;middle&#8221; rc_heading_color=&#8221;light&#8221; rc_font_color=&#8221;#ffffff&#8221;][\/vc_column][\/vc_row][vc_row padding_top_multiplier=&#8221;2x&#8221; rc_bg_type=&#8221;color&#8221; rc_bg_color=&#8221;#f4f4f4&#8243;][vc_column content_width=&#8221;70&#8243; horizontal_content_position=&#8221;center&#8221; vertical_content_position=&#8221;middle&#8221; text_align=&#8221;center&#8221; tablet_sm_content_width=&#8221;reset&#8221; mobile_content_width=&#8221;reset&#8221;][\/vc_column][\/vc_row][vc_row padding_top_multiplier=&#8221;&#8221; rc_bg_type=&#8221;color&#8221; rc_bg_color=&#8221;#f4f4f4&#8243;][vc_column content_width=&#8221;80&#8243; horizontal_content_position=&#8221;center&#8221; vertical_content_position=&#8221;middle&#8221;][vc_row_inner rc_bg_type=&#8221;color&#8221; rc_bg_color=&#8221;#ffffff&#8221;][vc_column_inner css=&#8221;.vc_custom_1660834444617{padding-bottom: 3vh !important;}&#8221;][vc_column_text] Development of an optical strategic planning and inventory system at Netvisor Ltd. [\/vc_column_text][\/vc_column_inner][vc_column_inner width=&#8221;1\/3&#8243; vertical_content_position=&#8221;middle&#8221; text_align=&#8221;center&#8221;][\/vc_column_inner][vc_column_inner width=&#8221;2\/3&#8243;][vc_column_text]Name of the beneficiary: Netvisor IT [&hellip;]\" \/>\n<meta property=\"og:url\" content=\"https:\/\/netvisor.hu\/en\/projects\/\" \/>\n<meta property=\"og:site_name\" content=\"Netvisor\" \/>\n<meta property=\"article:modified_time\" content=\"2023-01-24T16:09:30+00:00\" \/>\n<meta name=\"twitter:card\" content=\"summary_large_image\" \/>\n<meta name=\"twitter:label1\" content=\"Est. reading time\" \/>\n\t<meta name=\"twitter:data1\" content=\"5 minutes\" \/>\n<script type=\"application\/ld+json\" class=\"yoast-schema-graph\">{\"@context\":\"https:\\\/\\\/schema.org\",\"@graph\":[{\"@type\":\"WebPage\",\"@id\":\"https:\\\/\\\/netvisor.hu\\\/en\\\/projects\\\/\",\"url\":\"https:\\\/\\\/netvisor.hu\\\/en\\\/projects\\\/\",\"name\":\"Projects - Netvisor\",\"isPartOf\":{\"@id\":\"https:\\\/\\\/netvisor.hu\\\/#website\"},\"datePublished\":\"2022-07-23T13:27:04+00:00\",\"dateModified\":\"2023-01-24T16:09:30+00:00\",\"breadcrumb\":{\"@id\":\"https:\\\/\\\/netvisor.hu\\\/en\\\/projects\\\/#breadcrumb\"},\"inLanguage\":\"en-US\",\"potentialAction\":[{\"@type\":\"ReadAction\",\"target\":[\"https:\\\/\\\/netvisor.hu\\\/en\\\/projects\\\/\"]}]},{\"@type\":\"BreadcrumbList\",\"@id\":\"https:\\\/\\\/netvisor.hu\\\/en\\\/projects\\\/#breadcrumb\",\"itemListElement\":[{\"@type\":\"ListItem\",\"position\":1,\"name\":\"Kezd\u0151lap\",\"item\":\"https:\\\/\\\/netvisor.hu\\\/en\\\/\"},{\"@type\":\"ListItem\",\"position\":2,\"name\":\"Projects\"}]},{\"@type\":\"WebSite\",\"@id\":\"https:\\\/\\\/netvisor.hu\\\/#website\",\"url\":\"https:\\\/\\\/netvisor.hu\\\/\",\"name\":\"Netvisor\",\"description\":\"Informatikai \u00e9s Kommunik\u00e1ci\u00f3s Zrt.\",\"potentialAction\":[{\"@type\":\"SearchAction\",\"target\":{\"@type\":\"EntryPoint\",\"urlTemplate\":\"https:\\\/\\\/netvisor.hu\\\/?s={search_term_string}\"},\"query-input\":{\"@type\":\"PropertyValueSpecification\",\"valueRequired\":true,\"valueName\":\"search_term_string\"}}],\"inLanguage\":\"en-US\"}]}<\/script>\n<!-- \/ Yoast SEO plugin. -->","yoast_head_json":{"title":"Projects - Netvisor","robots":{"index":"index","follow":"follow","max-snippet":"max-snippet:-1","max-image-preview":"max-image-preview:large","max-video-preview":"max-video-preview:-1"},"canonical":"https:\/\/netvisor.hu\/en\/projects\/","og_locale":"en_US","og_type":"article","og_title":"Projects - Netvisor","og_description":"[vc_row height_ratio=&#8221;40&#8243; padding_top_multiplier=&#8221;custom&#8221; padding_bottom_multiplier=&#8221;custom&#8221; rc_bg_type=&#8221;image&#8221; rc_bg_image=&#8221;5783&#8243; padding_top=&#8221;12vh&#8221; padding_bottom=&#8221;8vh&#8221;][vc_column content_width=&#8221;50&#8243; horizontal_content_position=&#8221;center&#8221; vertical_content_position=&#8221;middle&#8221; rc_heading_color=&#8221;light&#8221; rc_font_color=&#8221;#ffffff&#8221;][\/vc_column][\/vc_row][vc_row padding_top_multiplier=&#8221;2x&#8221; rc_bg_type=&#8221;color&#8221; rc_bg_color=&#8221;#f4f4f4&#8243;][vc_column content_width=&#8221;70&#8243; horizontal_content_position=&#8221;center&#8221; vertical_content_position=&#8221;middle&#8221; text_align=&#8221;center&#8221; tablet_sm_content_width=&#8221;reset&#8221; mobile_content_width=&#8221;reset&#8221;][\/vc_column][\/vc_row][vc_row padding_top_multiplier=&#8221;&#8221; rc_bg_type=&#8221;color&#8221; rc_bg_color=&#8221;#f4f4f4&#8243;][vc_column content_width=&#8221;80&#8243; horizontal_content_position=&#8221;center&#8221; vertical_content_position=&#8221;middle&#8221;][vc_row_inner rc_bg_type=&#8221;color&#8221; rc_bg_color=&#8221;#ffffff&#8221;][vc_column_inner css=&#8221;.vc_custom_1660834444617{padding-bottom: 3vh !important;}&#8221;][vc_column_text] Development of an optical strategic planning and inventory system at Netvisor Ltd. [\/vc_column_text][\/vc_column_inner][vc_column_inner width=&#8221;1\/3&#8243; vertical_content_position=&#8221;middle&#8221; text_align=&#8221;center&#8221;][\/vc_column_inner][vc_column_inner width=&#8221;2\/3&#8243;][vc_column_text]Name of the beneficiary: Netvisor IT [&hellip;]","og_url":"https:\/\/netvisor.hu\/en\/projects\/","og_site_name":"Netvisor","article_modified_time":"2023-01-24T16:09:30+00:00","twitter_card":"summary_large_image","twitter_misc":{"Est. reading time":"5 minutes"},"schema":{"@context":"https:\/\/schema.org","@graph":[{"@type":"WebPage","@id":"https:\/\/netvisor.hu\/en\/projects\/","url":"https:\/\/netvisor.hu\/en\/projects\/","name":"Projects - Netvisor","isPartOf":{"@id":"https:\/\/netvisor.hu\/#website"},"datePublished":"2022-07-23T13:27:04+00:00","dateModified":"2023-01-24T16:09:30+00:00","breadcrumb":{"@id":"https:\/\/netvisor.hu\/en\/projects\/#breadcrumb"},"inLanguage":"en-US","potentialAction":[{"@type":"ReadAction","target":["https:\/\/netvisor.hu\/en\/projects\/"]}]},{"@type":"BreadcrumbList","@id":"https:\/\/netvisor.hu\/en\/projects\/#breadcrumb","itemListElement":[{"@type":"ListItem","position":1,"name":"Kezd\u0151lap","item":"https:\/\/netvisor.hu\/en\/"},{"@type":"ListItem","position":2,"name":"Projects"}]},{"@type":"WebSite","@id":"https:\/\/netvisor.hu\/#website","url":"https:\/\/netvisor.hu\/","name":"Netvisor","description":"Informatikai \u00e9s Kommunik\u00e1ci\u00f3s Zrt.","potentialAction":[{"@type":"SearchAction","target":{"@type":"EntryPoint","urlTemplate":"https:\/\/netvisor.hu\/?s={search_term_string}"},"query-input":{"@type":"PropertyValueSpecification","valueRequired":true,"valueName":"search_term_string"}}],"inLanguage":"en-US"}]}},"_links":{"self":[{"href":"https:\/\/netvisor.hu\/en\/wp-json\/wp\/v2\/pages\/5781","targetHints":{"allow":["GET"]}}],"collection":[{"href":"https:\/\/netvisor.hu\/en\/wp-json\/wp\/v2\/pages"}],"about":[{"href":"https:\/\/netvisor.hu\/en\/wp-json\/wp\/v2\/types\/page"}],"author":[{"embeddable":true,"href":"https:\/\/netvisor.hu\/en\/wp-json\/wp\/v2\/users\/1"}],"replies":[{"embeddable":true,"href":"https:\/\/netvisor.hu\/en\/wp-json\/wp\/v2\/comments?post=5781"}],"version-history":[{"count":43,"href":"https:\/\/netvisor.hu\/en\/wp-json\/wp\/v2\/pages\/5781\/revisions"}],"predecessor-version":[{"id":8008,"href":"https:\/\/netvisor.hu\/en\/wp-json\/wp\/v2\/pages\/5781\/revisions\/8008"}],"wp:attachment":[{"href":"https:\/\/netvisor.hu\/en\/wp-json\/wp\/v2\/media?parent=5781"}],"curies":[{"name":"wp","href":"https:\/\/api.w.org\/{rel}","templated":true}]}}