{"id":5801,"date":"2022-07-23T14:28:24","date_gmt":"2022-07-23T14:28:24","guid":{"rendered":"https:\/\/netvisor.hu\/?page_id=5801"},"modified":"2022-09-09T11:34:10","modified_gmt":"2022-09-09T11:34:10","slug":"references","status":"publish","type":"page","link":"https:\/\/netvisor.hu\/en\/references\/","title":{"rendered":"References"},"content":{"rendered":"<div class=\"wpb-content-wrapper\"><p>[vc_row height_ratio=&#8221;40&#8243; padding_top_multiplier=&#8221;custom&#8221; padding_bottom_multiplier=&#8221;custom&#8221; rc_bg_type=&#8221;image&#8221; rc_bg_image=&#8221;5803&#8243; padding_top=&#8221;12vh&#8221; padding_bottom=&#8221;8vh&#8221;][vc_column content_width=&#8221;80&#8243; horizontal_content_position=&#8221;center&#8221; vertical_content_position=&#8221;middle&#8221; rc_heading_color=&#8221;light&#8221; rc_font_color=&#8221;#ffffff&#8221;]<h1 class=\"eut-element eut-title eut-align-center eut-appear-down eut-duration-slow eut-appear-animation eut-h1\" style=\"margin-bottom: 0px;\" data-delay=\"100\"><span>References, <span class=\"VIiyi\" lang=\"en\"><span class=\"JLqJ4b ChMk0b\" data-language-for-alternatives=\"en\" data-language-to-translate-into=\"hu\" data-phrase-index=\"0\" data-number-of-phrases=\"1\"><span class=\"Q4iAWc\">case studies<\/span><\/span><\/span><\/span><\/h1><div class=\"eut-empty-space eut-height-1x\" style=\"\"><\/div>[\/vc_column][\/vc_row][vc_row padding_top_multiplier=&#8221;2x&#8221; padding_bottom_multiplier=&#8221;2x&#8221;][vc_column text_align=&#8221;center&#8221;]<h3 class=\"eut-element eut-title eut-align-inherit eut-h3\" style=\"margin-bottom: 0px;\"><span><span class=\"VIiyi\" lang=\"en\"><span class=\"JLqJ4b ChMk0b\" data-language-for-alternatives=\"en\" data-language-to-translate-into=\"hu\" data-phrase-index=\"2\" data-number-of-phrases=\"3\"><span class=\"Q4iAWc\">Latest<\/span><\/span><\/span><\/span><\/h3>[\/vc_column][\/vc_row][vc_row padding_top_multiplier=&#8221;&#8221; padding_bottom_multiplier=&#8221;&#8221; rc_bg_type=&#8221;color&#8221; columns_gap=&#8221;none&#8221; mobile_columns_vertical_gap=&#8221;none&#8221; rc_bg_color=&#8221;#323232&#8243;][vc_column width=&#8221;1\/2&#8243; vertical_content_position=&#8221;middle&#8221; rc_heading_color=&#8221;light&#8221; mobile_column_order=&#8221;2&#8243; rc_font_color=&#8221;#ffffff&#8221;]<div class=\"eut-empty-space eut-height-2x\" style=\"\"><\/div><h3 class=\"eut-element eut-title eut-align-inherit eut-h4\" style=\"\"><span>M\u00c1V Zrt. line reconstruction<\/span><\/h3>[vc_row_inner padding_top_multiplier=&#8221;custom&#8221; padding_bottom_multiplier=&#8221;&#8221; padding_top=&#8221;1vh&#8221;][vc_column_inner content_width=&#8221;85&#8243;][vc_column_text]<\/p>\n<ul>\n<li>Development of a platform supporting the telecommunications tasks of infrastructure development<\/li>\n<li>Preparation of the high-level system plan of the optical network, the IP\/MPLS and DWDM transmission network, and the operation support system of the GSMR-2 system<\/li>\n<li>Construction of an IP\/MPLS and DWDM transmission network<\/li>\n<li>Detailed planning (licensing and implementation) of the construction of a fiber-optic cable network<\/li>\n<li>Implementation of the GSM-R 2 system operation support system<\/li>\n<\/ul>\n<p>[\/vc_column_text][\/vc_column_inner][\/vc_row_inner]<div class=\"eut-empty-space eut-height-2x\" style=\"\"><\/div>[\/vc_column][vc_column width=&#8221;1\/2&#8243; full_height=&#8221;yes&#8221; rc_bg_type=&#8221;image&#8221; rc_bg_image=&#8221;5670&#8243; expand_column_bg=&#8221;expand-bg-right&#8221;]<div class=\"eut-empty-space\" style=\"height: 53vh;\"><\/div>[\/vc_column][\/vc_row][vc_row padding_top_multiplier=&#8221;&#8221; padding_bottom_multiplier=&#8221;&#8221; rc_bg_type=&#8221;color&#8221; columns_gap=&#8221;none&#8221; mobile_columns_vertical_gap=&#8221;none&#8221; rc_bg_color=&#8221;#323232&#8243;][vc_column width=&#8221;1\/2&#8243; full_height=&#8221;yes&#8221; rc_bg_type=&#8221;image&#8221; rc_bg_image=&#8221;5671&#8243; expand_column_bg=&#8221;expand-bg-left&#8221;]<div class=\"eut-empty-space\" style=\"height: 53vh;\"><\/div>[\/vc_column][vc_column width=&#8221;1\/2&#8243; vertical_content_position=&#8221;middle&#8221; rc_heading_color=&#8221;light&#8221; css=&#8221;.vc_custom_1658555736032{padding-left: 7vh !important;}&#8221; rc_font_color=&#8221;#ffffff&#8221;]<div class=\"eut-empty-space eut-height-2x\" style=\"\"><\/div><h3 class=\"eut-element eut-title eut-align-inherit eut-h4\" style=\"\"><span>KIF\u00dc Superfast Internet Project<\/span><\/h3>[vc_row_inner padding_top_multiplier=&#8221;custom&#8221; padding_bottom_multiplier=&#8221;&#8221; padding_top=&#8221;1vh&#8221;][vc_column_inner content_width=&#8221;85&#8243;][vc_column_text]<strong>The Network Development Support and Monitoring System supported all phases of the &#8220;Superfast Internet Project&#8221;:<\/strong><\/p>\n<ul>\n<li>Mapping: service mapping, infrastructure mapping<\/li>\n<li>Strategic planning<\/li>\n<li>Tendering<\/li>\n<li>Implementation planning support<\/li>\n<li>Implementation project monitoring<\/li>\n<\/ul>\n<p>[\/vc_column_text][\/vc_column_inner][\/vc_row_inner]<div class=\"eut-empty-space eut-height-2x\" style=\"\"><\/div>[\/vc_column][\/vc_row][vc_row padding_top_multiplier=&#8221;&#8221; padding_bottom_multiplier=&#8221;&#8221; rc_bg_type=&#8221;color&#8221; columns_gap=&#8221;none&#8221; mobile_columns_vertical_gap=&#8221;none&#8221; rc_bg_color=&#8221;#323232&#8243;][vc_column width=&#8221;1\/2&#8243; vertical_content_position=&#8221;middle&#8221; rc_heading_color=&#8221;light&#8221; mobile_column_order=&#8221;2&#8243; rc_font_color=&#8221;#ffffff&#8221;]<div class=\"eut-empty-space eut-height-2x\" style=\"\"><\/div><h3 class=\"eut-element eut-title eut-align-inherit eut-h4\" style=\"\"><span>Hungarian National Chamber of Notaries<\/span><\/h3>[vc_row_inner padding_top_multiplier=&#8221;custom&#8221; padding_bottom_multiplier=&#8221;&#8221; padding_top=&#8221;1vh&#8221;][vc_column_inner content_width=&#8221;85&#8243;][vc_column_text]<strong>Development, expansion and support of the IT infrastructure since 2012<\/strong><\/p>\n<ul>\n<li>Expert operation support service with 24\/7 availability<\/li>\n<li>Creating storage replication<\/li>\n<li>Participation in the establishment of a new data center (establishment of cabling, power supply, network, basic infrastructure)<\/li>\n<li>Implementation of an IP telephone system<\/li>\n<li>Creation of a disaster-resistant operation with 2 sites<\/li>\n<\/ul>\n<p>[\/vc_column_text][\/vc_column_inner][\/vc_row_inner]<div class=\"eut-empty-space eut-height-2x\" style=\"\"><\/div>[\/vc_column][vc_column width=&#8221;1\/2&#8243; full_height=&#8221;yes&#8221; rc_bg_type=&#8221;image&#8221; rc_bg_image=&#8221;6399&#8243; expand_column_bg=&#8221;expand-bg-right&#8221;]<div class=\"eut-empty-space\" style=\"height: 53vh;\"><\/div>[\/vc_column][\/vc_row][vc_row padding_top_multiplier=&#8221;2x&#8221; padding_bottom_multiplier=&#8221;2x&#8221; rc_bg_type=&#8221;color&#8221; rc_bg_color=&#8221;#f4f4f4&#8243;][vc_column text_align=&#8221;center&#8221;]<h3 class=\"eut-element eut-title eut-align-inherit eut-h3\" style=\"margin-bottom: 0px;\"><span>Further references<\/span><\/h3>[\/vc_column][\/vc_row][vc_row padding_top_multiplier=&#8221;&#8221; padding_bottom_multiplier=&#8221;2x&#8221; rc_bg_type=&#8221;color&#8221; rc_bg_color=&#8221;#f4f4f4&#8243;][vc_column][vc_tta_accordion c_icon=&#8221;triangle&#8221; c_position=&#8221;right&#8221; active_section=&#8221;4&#8243; heading_tag=&#8221;div&#8221; heading=&#8221;subtitle-text&#8221;][vc_tta_section title=&#8221;Government&#8221; tab_id=&#8221;1658586632486-10602238-7f8f&#8221;][vc_row_inner rc_bg_type=&#8221;color&#8221; rc_bg_color=&#8221;#ffffff&#8221;][vc_column_inner width=&#8221;1\/3&#8243;][vc_column_text]<\/p>\n<ul>\n<li>Bel\u00fcgyminiszt\u00e9rium<\/li>\n<li>BM T\u00e1vk\u00f6zl\u00e9si Szolg\u00e1lat (BM ORFK H\u00edrad\u00e1stechnikai Szolg\u00e1lat)<\/li>\n<li>F\u00f6ldm\u0171vel\u00e9s\u00fcgyi \u00e9s Vid\u00e9kfejleszt\u00e9si Miniszt\u00e9rium (Agr\u00e1rminiszt\u00e9rium)<\/li>\n<li>F\u0151v\u00e1rosi \u00d6nkorm\u00e1nyzat<\/li>\n<\/ul>\n<p>[\/vc_column_text][\/vc_column_inner][vc_column_inner width=&#8221;1\/3&#8243;][vc_column_text]<\/p>\n<ul>\n<li>Korm\u00e1nyzati Informatikai Fejleszt\u00e9si \u00dcgyn\u00f6ks\u00e9g<\/li>\n<li>Magyar Energetikai \u00e9s K\u00f6zm\u0171-szab\u00e1lyoz\u00e1si Hivatal<\/li>\n<li>Magyar Orsz\u00e1gos K\u00f6zjegyz\u0151i Kamara<\/li>\n<li>Magyar Posta<\/li>\n<\/ul>\n<p>[\/vc_column_text][\/vc_column_inner][vc_column_inner width=&#8221;1\/3&#8243;][vc_column_text]<\/p>\n<ul>\n<li>Mez\u0151gazdas\u00e1gi \u00e9s Vid\u00e9kfejleszt\u00e9si Hivatal<\/li>\n<li>NIF Zrt.<\/li>\n<li>NISZ Zrt.<\/li>\n<li>Oktat\u00e1si Hivatal<\/li>\n<li>Posta Elsz\u00e1mol\u00f3 K\u00f6zpont<\/li>\n<\/ul>\n<p>[\/vc_column_text][\/vc_column_inner][\/vc_row_inner][\/vc_tta_section][vc_tta_section title=&#8221;Finance&#8221; tab_id=&#8221;1658586632553-93027e32-21cd&#8221;][vc_row_inner rc_bg_type=&#8221;color&#8221; rc_bg_color=&#8221;#ffffff&#8221;][vc_column_inner width=&#8221;1\/3&#8243;][vc_column_text]<\/p>\n<ul>\n<li>AEGON Zrt.<\/li>\n<li>Budapest Eszk\u00f6zfinansz\u00edroz\u00f3 Zrt.<\/li>\n<li>Deutsche Bank Zrt.<\/li>\n<li>Erste Bank<\/li>\n<\/ul>\n<p>[\/vc_column_text][\/vc_column_inner][vc_column_inner width=&#8221;1\/3&#8243;][vc_column_text]<\/p>\n<ul>\n<li>Kereskedelmi \u00e9s Hitelbank<\/li>\n<li>KBC Global Services<\/li>\n<li>KBC Bank, Belgium<\/li>\n<li>Groupama Garancia Biztos\u00edt\u00f3<\/li>\n<\/ul>\n<p>[\/vc_column_text][\/vc_column_inner][vc_column_inner width=&#8221;1\/3&#8243;][vc_column_text]<\/p>\n<ul>\n<li>MKB Bank<\/li>\n<li>Provident P\u00e9nz\u00fcgyi Zrt.<\/li>\n<li>Raiffeisen Bank Zrt.<\/li>\n<li>Sberbank Magyarorsz\u00e1g<\/li>\n<li>Takinfo Kft.<\/li>\n<li>Unicredit Bank Hungary Zrt.<\/li>\n<\/ul>\n<p>[\/vc_column_text][\/vc_column_inner][\/vc_row_inner][\/vc_tta_section][vc_tta_section title=&#8221;Infocommunications and telecommunications service providers&#8221; tab_id=&#8221;1658586964190-01e733eb-6030&#8243;][vc_row_inner rc_bg_type=&#8221;color&#8221; rc_bg_color=&#8221;#ffffff&#8221;][vc_column_inner width=&#8221;1\/3&#8243;][vc_column_text]<\/p>\n<ul>\n<li>Alcatel-Lucent Austria<\/li>\n<li>Alcatel-Lucent Magyarorsz\u00e1g<\/li>\n<li>Antenna T\u00e1vk\u00f6zl\u00e9si Zrt.<\/li>\n<li>BH Telecom<\/li>\n<li>Cisco Systems<\/li>\n<li>GTS-Hungary Kft.<\/li>\n<li>DOM-P Zrt.<\/li>\n<\/ul>\n<p>[\/vc_column_text][\/vc_column_inner][vc_column_inner width=&#8221;1\/3&#8243;][vc_column_text]<\/p>\n<ul>\n<li>Etisalat<\/li>\n<li>HungaroDigitel Kft.<\/li>\n<li>Invitech Megold\u00e1sok Zrt.<\/li>\n<li>INVITEL T\u00e1vk\u00f6zl\u00e9si Szolg\u00e1ltat\u00f3 Rt. (Digi)<\/li>\n<li>Kanizsatel \u00c9p\u00edt\u0151ipari, Kereskedelmi \u00e9s Szolg\u00e1ltat\u00f3 Kft.<\/li>\n<li>K\u00fcrt Zrt.<\/li>\n<li>Magyar Telekom Nyrt.<\/li>\n<\/ul>\n<p>[\/vc_column_text][\/vc_column_inner][vc_column_inner width=&#8221;1\/3&#8243;][vc_column_text]<\/p>\n<ul>\n<li>Smart Com d.o.o.<\/li>\n<li>T-2 d.o.o.<\/li>\n<li>Telenor Magyarorsz\u00e1g Zrt.<\/li>\n<li>Telenor Magyarorsz\u00e1g Zrt. (CETIN Hungary)<\/li>\n<li>Telrad<\/li>\n<li>T-Systems Magyarorsz\u00e1g Zrt.<\/li>\n<li>UPC Magyarorsz\u00e1g Kft. (Vodafone)<\/li>\n<\/ul>\n<p>[\/vc_column_text][\/vc_column_inner][\/vc_row_inner][\/vc_tta_section][vc_tta_section title=&#8221;We implemented network planning for the following telecommunications and energy providers&#8221; tab_id=&#8221;1658586991698-c3314105-786c&#8221;][vc_row_inner rc_bg_type=&#8221;color&#8221; rc_bg_color=&#8221;#ffffff&#8221;][vc_column_inner width=&#8221;1\/2&#8243; column_custom_position=&#8221;yes&#8221; position_left=&#8221;1x&#8221; tablet_portrait_column_positions=&#8221;none&#8221; mobile_column_positions=&#8221;none&#8221;][vc_column_text]<\/p>\n<ul>\n<li>3C Kft.<\/li>\n<li>Berotel Networks Kft.<\/li>\n<li>Dr\u00e1vaNet Zrt.<\/li>\n<li>Elektronet Elektronikai \u00e9s Telekommunik\u00e1ci\u00f3s Zrt.<\/li>\n<li>ELM\u0170-\u00c9M\u00c1SZ Energiaszolg\u00e1ltat\u00f3<\/li>\n<li>EuroCable Magyarorsz\u00e1g Kft.<\/li>\n<li>Gergi H\u00e1l\u00f3 Kft.<\/li>\n<li>Giganet Internet Szolg\u00e1ltat\u00f3 Kft.<\/li>\n<li>Jupinet Kft.<\/li>\n<\/ul>\n<p>[\/vc_column_text][\/vc_column_inner][vc_column_inner width=&#8221;1\/4&#8243;][vc_column_text]<\/p>\n<ul>\n<li>Kanizsatel Kft.<\/li>\n<li>Key Telecom Kft.<\/li>\n<li>K\u00f6r\u00f6s K\u00e1bel Kft.<\/li>\n<li>MVM<\/li>\n<li>Nagytv Kft.<\/li>\n<li>Naracom Kft.<\/li>\n<li>Net-Tv Zrt.<\/li>\n<\/ul>\n<p>[\/vc_column_text][\/vc_column_inner][vc_column_inner width=&#8221;1\/4&#8243;][vc_column_text]<\/p>\n<ul>\n<li>Novi-Com Kft.<\/li>\n<li>Opticon Kft.<\/li>\n<li>OROSCOM-Gyop\u00e1rosi<\/li>\n<li>PR-TELECOM Zrt.<\/li>\n<li>SZAMOSNET Kft.<\/li>\n<li>TARR Kft.<\/li>\n<li>Techno-Tel Kft.<\/li>\n<li>Vidanet Zrt.<\/li>\n<\/ul>\n<p>[\/vc_column_text][\/vc_column_inner][\/vc_row_inner][\/vc_tta_section][vc_tta_section title=&#8221;Utility providers&#8221; tab_id=&#8221;1658587854014-5f05c3ff-1c9c&#8221;][vc_row_inner rc_bg_type=&#8221;color&#8221; rc_bg_color=&#8221;#ffffff&#8221;][vc_column_inner width=&#8221;1\/3&#8243;][vc_column_text]<\/p>\n<ul>\n<li>Budapesti Elektromos M\u0171vek (ELM\u00dc-\u00c9M\u00c1SZ)<\/li>\n<li>Elektro Ljubljana<\/li>\n<\/ul>\n<p>[\/vc_column_text][\/vc_column_inner][vc_column_inner width=&#8221;1\/3&#8243;][vc_column_text]<\/p>\n<ul>\n<li>FGSZ F\u00f6ldg\u00e1zsz\u00e1ll\u00edt\u00f3 Zrt.<\/li>\n<li>MOL Magyar Olaj- \u00e9s G\u00e1zipari Nyrt.<\/li>\n<\/ul>\n<p>[\/vc_column_text][\/vc_column_inner][vc_column_inner width=&#8221;1\/3&#8243;][vc_column_text]<\/p>\n<ul>\n<li>K\u0151olajvezet\u00e9k\u00e9p\u00edt\u0151 Zrt. (OT-Industries-KVV Kivitelez\u0151 Zrt.)<\/li>\n<li>Vabeko Kft.<\/li>\n<\/ul>\n<p>[\/vc_column_text][\/vc_column_inner][\/vc_row_inner][\/vc_tta_section][vc_tta_section title=&#8221;Industry and commerce&#8221; tab_id=&#8221;1660049178877-e9dca8e0-ec30&#8243;][vc_row_inner rc_bg_type=&#8221;color&#8221; rc_bg_color=&#8221;#ffffff&#8221;][vc_column_inner width=&#8221;1\/3&#8243;][vc_column_text]<\/p>\n<ul>\n<li>ALCOA-K\u00d6F\u00c9M Kft.<\/li>\n<li>BorgWarner Turbo Systems<\/li>\n<li>BorgWarner Emissions Systems<\/li>\n<li>CBA Kereskedelmi Kft.<\/li>\n<\/ul>\n<p>[\/vc_column_text][\/vc_column_inner][vc_column_inner width=&#8221;1\/3&#8243;][vc_column_text]<\/p>\n<ul>\n<li>CEVA-PHYLAXIA Olt\u00f3anyagtermel\u0151 Zrt.<\/li>\n<li>GE Capital<\/li>\n<li>GE Hungary<\/li>\n<li>GE Water &amp; Process Technologies Hungary Kft.<\/li>\n<li>P\u00e9nzjegynyomda Zrt.<\/li>\n<\/ul>\n<p>[\/vc_column_text][\/vc_column_inner][vc_column_inner width=&#8221;1\/3&#8243;][vc_column_text]<\/p>\n<ul>\n<li>Pro Montel T\u00e1vk\u00f6zl\u00e9sfejleszt\u00e9si \u00e9s Kivitelez\u0151 Zrt.<\/li>\n<li>Richter Gedeon Nyrt.<\/li>\n<li>SAPA Profiles Kft.<\/li>\n<li>Siemens Zrt.<\/li>\n<\/ul>\n<p>[\/vc_column_text][\/vc_column_inner][\/vc_row_inner][\/vc_tta_section][vc_tta_section title=&#8221;Traffic and transportation&#8221; tab_id=&#8221;1660056500357-96ee3984-d9f9&#8243;][vc_row_inner rc_bg_type=&#8221;color&#8221; rc_bg_color=&#8221;#ffffff&#8221;][vc_column_inner width=&#8221;1\/3&#8243;][vc_column_text]<\/p>\n<ul>\n<li>Magyar K\u00f6z\u00fat NZrt.<\/li>\n<li>M\u00c1V Zrt.<\/li>\n<\/ul>\n<p>[\/vc_column_text][\/vc_column_inner][vc_column_inner width=&#8221;1\/3&#8243;][vc_column_text]<\/p>\n<ul>\n<li>M\u00c1V Informatika Zrt.<\/li>\n<li>MAVIR Zrt.<\/li>\n<\/ul>\n<p>[\/vc_column_text][\/vc_column_inner][vc_column_inner width=&#8221;1\/3&#8243;][vc_column_text]<\/p>\n<ul>\n<li>Nemzeti K\u00f6zleked\u00e9si Hat\u00f3s\u00e1g (TIM)<\/li>\n<\/ul>\n<p>[\/vc_column_text][\/vc_column_inner][\/vc_row_inner][\/vc_tta_section][vc_tta_section title=&#8221;Healthcare, Education&#8221; tab_id=&#8221;1660056592255-c75ba01a-ce82&#8243;][vc_row_inner rc_bg_type=&#8221;color&#8221; rc_bg_color=&#8221;#ffffff&#8221;][vc_column_inner width=&#8221;1\/4&#8243;][vc_column_text]<\/p>\n<ul>\n<li>E-Educatio Zrt.<\/li>\n<li>E\u00f6tv\u00f6s Lor\u00e1nd Tudom\u00e1ny Egyetem<\/li>\n<\/ul>\n<p>[\/vc_column_text][\/vc_column_inner][vc_column_inner width=&#8221;1\/4&#8243;][vc_column_text]<\/p>\n<ul>\n<li>Nemzetk\u00f6zi Gyermekment\u0151 Szolg\u00e1lat<\/li>\n<li>Oktat\u00e1si Hivatal<\/li>\n<\/ul>\n<p>[\/vc_column_text][\/vc_column_inner][vc_column_inner width=&#8221;1\/2&#8243;][vc_column_text]<\/p>\n<ul>\n<li>Orsz\u00e1gos Eg\u00e9szs\u00e9gbiztos\u00edt\u00e1si P\u00e9nzt\u00e1r (NEAK)<\/li>\n<li>Orsz\u00e1gos K\u00f6zoktat\u00e1si Int\u00e9zet (EMMI)<\/li>\n<li>Orsz\u00e1gos Nyugd\u00edjbiztos\u00edt\u00e1si F\u0151igazgat\u00f3s\u00e1g (NEAK)<\/li>\n<\/ul>\n<p>[\/vc_column_text][\/vc_column_inner][\/vc_row_inner][\/vc_tta_section][\/vc_tta_accordion][\/vc_column][\/vc_row][vc_row rc_bg_type=&#8221;image&#8221; rc_bg_image=&#8221;5663&#8243; rc_margin_bottom=&#8221;0&#8243; rc_bg_color=&#8221;#191919&#8243;][vc_column][vc_row_inner padding_top_multiplier=&#8221;2x&#8221; padding_bottom_multiplier=&#8221;2x&#8221;][vc_column_inner width=&#8221;4\/6&#8243; vertical_content_position=&#8221;middle&#8221; rc_font_color=&#8221;#ffffff&#8221;][vc_column_text text_style=&#8221;leader-text&#8221;]Contact us about our services[\/vc_column_text][\/vc_column_inner][vc_column_inner width=&#8221;1\/6&#8243;]<div class=\"eut-element eut-align-inherit\"><a href=\"\/en\/contact\" title=\"Contact\" class=\"eut-btn eut-btn-medium eut-square eut-bg-white eut-bg-hover-primary-1 eut-btn-line\"><span>Contact<\/span><\/a><\/div>[\/vc_column_inner][vc_column_inner width=&#8221;1\/6&#8243;][\/vc_column_inner][\/vc_row_inner][\/vc_column][\/vc_row]<\/p>\n<\/div>","protected":false},"excerpt":{"rendered":"<p>[vc_row height_ratio=&#8221;40&#8243; padding_top_multiplier=&#8221;custom&#8221; padding_bottom_multiplier=&#8221;custom&#8221; rc_bg_type=&#8221;image&#8221; rc_bg_image=&#8221;5803&#8243; padding_top=&#8221;12vh&#8221; padding_bottom=&#8221;8vh&#8221;][vc_column content_width=&#8221;80&#8243; horizontal_content_position=&#8221;center&#8221; vertical_content_position=&#8221;middle&#8221; rc_heading_color=&#8221;light&#8221; rc_font_color=&#8221;#ffffff&#8221;][\/vc_column][\/vc_row][vc_row padding_top_multiplier=&#8221;2x&#8221; padding_bottom_multiplier=&#8221;2x&#8221;][vc_column text_align=&#8221;center&#8221;][\/vc_column][\/vc_row][vc_row padding_top_multiplier=&#8221;&#8221; padding_bottom_multiplier=&#8221;&#8221; rc_bg_type=&#8221;color&#8221; columns_gap=&#8221;none&#8221; mobile_columns_vertical_gap=&#8221;none&#8221; rc_bg_color=&#8221;#323232&#8243;][vc_column width=&#8221;1\/2&#8243; vertical_content_position=&#8221;middle&#8221; rc_heading_color=&#8221;light&#8221; mobile_column_order=&#8221;2&#8243; rc_font_color=&#8221;#ffffff&#8221;][vc_row_inner padding_top_multiplier=&#8221;custom&#8221; padding_bottom_multiplier=&#8221;&#8221; padding_top=&#8221;1vh&#8221;][vc_column_inner content_width=&#8221;85&#8243;][vc_column_text] Development of a platform supporting the telecommunications tasks of infrastructure development Preparation of the high-level system plan of the optical network, the IP\/MPLS and [&hellip;]<\/p>\n","protected":false},"author":1,"featured_media":0,"parent":0,"menu_order":0,"comment_status":"closed","ping_status":"closed","template":"","meta":{"om_disable_all_campaigns":false,"inline_featured_image":false,"_monsterinsights_skip_tracking":false,"_monsterinsights_sitenote_active":false,"_monsterinsights_sitenote_note":"","_monsterinsights_sitenote_category":0,"_uf_show_specific_survey":0,"_uf_disable_surveys":false,"footnotes":""},"class_list":["post-5801","page","type-page","status-publish","hentry"],"yoast_head":"<!-- This site is optimized with the Yoast SEO plugin v27.3 - https:\/\/yoast.com\/product\/yoast-seo-wordpress\/ -->\n<title>References - Netvisor<\/title>\n<meta name=\"robots\" content=\"index, follow, max-snippet:-1, max-image-preview:large, max-video-preview:-1\" \/>\n<link rel=\"canonical\" href=\"https:\/\/netvisor.hu\/en\/references\/\" \/>\n<meta property=\"og:locale\" content=\"en_US\" \/>\n<meta property=\"og:type\" content=\"article\" \/>\n<meta property=\"og:title\" content=\"References - Netvisor\" \/>\n<meta property=\"og:description\" content=\"[vc_row height_ratio=&#8221;40&#8243; padding_top_multiplier=&#8221;custom&#8221; padding_bottom_multiplier=&#8221;custom&#8221; rc_bg_type=&#8221;image&#8221; rc_bg_image=&#8221;5803&#8243; padding_top=&#8221;12vh&#8221; padding_bottom=&#8221;8vh&#8221;][vc_column content_width=&#8221;80&#8243; horizontal_content_position=&#8221;center&#8221; vertical_content_position=&#8221;middle&#8221; rc_heading_color=&#8221;light&#8221; rc_font_color=&#8221;#ffffff&#8221;][\/vc_column][\/vc_row][vc_row padding_top_multiplier=&#8221;2x&#8221; padding_bottom_multiplier=&#8221;2x&#8221;][vc_column text_align=&#8221;center&#8221;][\/vc_column][\/vc_row][vc_row padding_top_multiplier=&#8221;&#8221; padding_bottom_multiplier=&#8221;&#8221; rc_bg_type=&#8221;color&#8221; columns_gap=&#8221;none&#8221; mobile_columns_vertical_gap=&#8221;none&#8221; rc_bg_color=&#8221;#323232&#8243;][vc_column width=&#8221;1\/2&#8243; vertical_content_position=&#8221;middle&#8221; rc_heading_color=&#8221;light&#8221; mobile_column_order=&#8221;2&#8243; rc_font_color=&#8221;#ffffff&#8221;][vc_row_inner padding_top_multiplier=&#8221;custom&#8221; padding_bottom_multiplier=&#8221;&#8221; padding_top=&#8221;1vh&#8221;][vc_column_inner content_width=&#8221;85&#8243;][vc_column_text] Development of a platform supporting the telecommunications tasks of infrastructure development Preparation of the high-level system plan of the optical network, the IP\/MPLS and [&hellip;]\" \/>\n<meta property=\"og:url\" content=\"https:\/\/netvisor.hu\/en\/references\/\" \/>\n<meta property=\"og:site_name\" content=\"Netvisor\" \/>\n<meta property=\"article:modified_time\" content=\"2022-09-09T11:34:10+00:00\" \/>\n<meta name=\"twitter:card\" content=\"summary_large_image\" \/>\n<meta name=\"twitter:label1\" content=\"Est. reading time\" \/>\n\t<meta name=\"twitter:data1\" content=\"4 minutes\" \/>\n<script type=\"application\/ld+json\" class=\"yoast-schema-graph\">{\"@context\":\"https:\\\/\\\/schema.org\",\"@graph\":[{\"@type\":\"WebPage\",\"@id\":\"https:\\\/\\\/netvisor.hu\\\/en\\\/references\\\/\",\"url\":\"https:\\\/\\\/netvisor.hu\\\/en\\\/references\\\/\",\"name\":\"References - Netvisor\",\"isPartOf\":{\"@id\":\"https:\\\/\\\/netvisor.hu\\\/#website\"},\"datePublished\":\"2022-07-23T14:28:24+00:00\",\"dateModified\":\"2022-09-09T11:34:10+00:00\",\"breadcrumb\":{\"@id\":\"https:\\\/\\\/netvisor.hu\\\/en\\\/references\\\/#breadcrumb\"},\"inLanguage\":\"en-US\",\"potentialAction\":[{\"@type\":\"ReadAction\",\"target\":[\"https:\\\/\\\/netvisor.hu\\\/en\\\/references\\\/\"]}]},{\"@type\":\"BreadcrumbList\",\"@id\":\"https:\\\/\\\/netvisor.hu\\\/en\\\/references\\\/#breadcrumb\",\"itemListElement\":[{\"@type\":\"ListItem\",\"position\":1,\"name\":\"Kezd\u0151lap\",\"item\":\"https:\\\/\\\/netvisor.hu\\\/en\\\/\"},{\"@type\":\"ListItem\",\"position\":2,\"name\":\"References\"}]},{\"@type\":\"WebSite\",\"@id\":\"https:\\\/\\\/netvisor.hu\\\/#website\",\"url\":\"https:\\\/\\\/netvisor.hu\\\/\",\"name\":\"Netvisor\",\"description\":\"Informatikai \u00e9s Kommunik\u00e1ci\u00f3s Zrt.\",\"potentialAction\":[{\"@type\":\"SearchAction\",\"target\":{\"@type\":\"EntryPoint\",\"urlTemplate\":\"https:\\\/\\\/netvisor.hu\\\/?s={search_term_string}\"},\"query-input\":{\"@type\":\"PropertyValueSpecification\",\"valueRequired\":true,\"valueName\":\"search_term_string\"}}],\"inLanguage\":\"en-US\"}]}<\/script>\n<!-- \/ Yoast SEO plugin. -->","yoast_head_json":{"title":"References - Netvisor","robots":{"index":"index","follow":"follow","max-snippet":"max-snippet:-1","max-image-preview":"max-image-preview:large","max-video-preview":"max-video-preview:-1"},"canonical":"https:\/\/netvisor.hu\/en\/references\/","og_locale":"en_US","og_type":"article","og_title":"References - Netvisor","og_description":"[vc_row height_ratio=&#8221;40&#8243; padding_top_multiplier=&#8221;custom&#8221; padding_bottom_multiplier=&#8221;custom&#8221; rc_bg_type=&#8221;image&#8221; rc_bg_image=&#8221;5803&#8243; padding_top=&#8221;12vh&#8221; padding_bottom=&#8221;8vh&#8221;][vc_column content_width=&#8221;80&#8243; horizontal_content_position=&#8221;center&#8221; vertical_content_position=&#8221;middle&#8221; rc_heading_color=&#8221;light&#8221; rc_font_color=&#8221;#ffffff&#8221;][\/vc_column][\/vc_row][vc_row padding_top_multiplier=&#8221;2x&#8221; padding_bottom_multiplier=&#8221;2x&#8221;][vc_column text_align=&#8221;center&#8221;][\/vc_column][\/vc_row][vc_row padding_top_multiplier=&#8221;&#8221; padding_bottom_multiplier=&#8221;&#8221; rc_bg_type=&#8221;color&#8221; columns_gap=&#8221;none&#8221; mobile_columns_vertical_gap=&#8221;none&#8221; rc_bg_color=&#8221;#323232&#8243;][vc_column width=&#8221;1\/2&#8243; vertical_content_position=&#8221;middle&#8221; rc_heading_color=&#8221;light&#8221; mobile_column_order=&#8221;2&#8243; rc_font_color=&#8221;#ffffff&#8221;][vc_row_inner padding_top_multiplier=&#8221;custom&#8221; padding_bottom_multiplier=&#8221;&#8221; padding_top=&#8221;1vh&#8221;][vc_column_inner content_width=&#8221;85&#8243;][vc_column_text] Development of a platform supporting the telecommunications tasks of infrastructure development Preparation of the high-level system plan of the optical network, the IP\/MPLS and [&hellip;]","og_url":"https:\/\/netvisor.hu\/en\/references\/","og_site_name":"Netvisor","article_modified_time":"2022-09-09T11:34:10+00:00","twitter_card":"summary_large_image","twitter_misc":{"Est. reading time":"4 minutes"},"schema":{"@context":"https:\/\/schema.org","@graph":[{"@type":"WebPage","@id":"https:\/\/netvisor.hu\/en\/references\/","url":"https:\/\/netvisor.hu\/en\/references\/","name":"References - Netvisor","isPartOf":{"@id":"https:\/\/netvisor.hu\/#website"},"datePublished":"2022-07-23T14:28:24+00:00","dateModified":"2022-09-09T11:34:10+00:00","breadcrumb":{"@id":"https:\/\/netvisor.hu\/en\/references\/#breadcrumb"},"inLanguage":"en-US","potentialAction":[{"@type":"ReadAction","target":["https:\/\/netvisor.hu\/en\/references\/"]}]},{"@type":"BreadcrumbList","@id":"https:\/\/netvisor.hu\/en\/references\/#breadcrumb","itemListElement":[{"@type":"ListItem","position":1,"name":"Kezd\u0151lap","item":"https:\/\/netvisor.hu\/en\/"},{"@type":"ListItem","position":2,"name":"References"}]},{"@type":"WebSite","@id":"https:\/\/netvisor.hu\/#website","url":"https:\/\/netvisor.hu\/","name":"Netvisor","description":"Informatikai \u00e9s Kommunik\u00e1ci\u00f3s Zrt.","potentialAction":[{"@type":"SearchAction","target":{"@type":"EntryPoint","urlTemplate":"https:\/\/netvisor.hu\/?s={search_term_string}"},"query-input":{"@type":"PropertyValueSpecification","valueRequired":true,"valueName":"search_term_string"}}],"inLanguage":"en-US"}]}},"_links":{"self":[{"href":"https:\/\/netvisor.hu\/en\/wp-json\/wp\/v2\/pages\/5801","targetHints":{"allow":["GET"]}}],"collection":[{"href":"https:\/\/netvisor.hu\/en\/wp-json\/wp\/v2\/pages"}],"about":[{"href":"https:\/\/netvisor.hu\/en\/wp-json\/wp\/v2\/types\/page"}],"author":[{"embeddable":true,"href":"https:\/\/netvisor.hu\/en\/wp-json\/wp\/v2\/users\/1"}],"replies":[{"embeddable":true,"href":"https:\/\/netvisor.hu\/en\/wp-json\/wp\/v2\/comments?post=5801"}],"version-history":[{"count":23,"href":"https:\/\/netvisor.hu\/en\/wp-json\/wp\/v2\/pages\/5801\/revisions"}],"predecessor-version":[{"id":7445,"href":"https:\/\/netvisor.hu\/en\/wp-json\/wp\/v2\/pages\/5801\/revisions\/7445"}],"wp:attachment":[{"href":"https:\/\/netvisor.hu\/en\/wp-json\/wp\/v2\/media?parent=5801"}],"curies":[{"name":"wp","href":"https:\/\/api.w.org\/{rel}","templated":true}]}}